{"id":1025,"date":"2018-09-28T14:19:25","date_gmt":"2018-09-28T13:19:25","guid":{"rendered":"http:\/\/hermandadelperdonmadrid.es\/?page_id=1025"},"modified":"2018-09-28T14:19:25","modified_gmt":"2018-09-28T13:19:25","slug":"politica-de-privacidad","status":"publish","type":"page","link":"https:\/\/hermandadelperdonmadrid.es\/index.php\/politica-de-privacidad\/","title":{"rendered":"Pol\u00edtica de Privacidad"},"content":{"rendered":"<h1 class=\"pagetitle-title heading\">Pol\u00edtica de privacidad<\/h1>\n<p style=\"text-align: justify;\">hermandadelperdonmadrid.es informa a los usuarios del sitio web sobre su pol\u00edtica respecto del tratamiento y protecci\u00f3n de los datos de car\u00e1cter personal de los usuarios y clientes que puedan ser recabados por la navegaci\u00f3n o contrataci\u00f3n de servicios a trav\u00e9s de su sitio web.<\/p>\n<p style=\"text-align: justify;\">En este sentido, hermandadelperdonmadrid.es garantiza el cumplimiento de la normativa vigente en materia de protecci\u00f3n de datos personales, reflejada en la Ley Org\u00e1nica 15\/1999, de 13 de diciembre, de Protecci\u00f3n de Datos de Car\u00e1cter Personal (LOPD), y al Real Decreto 1720\/2007, de 21 de diciembre, conocido como el Reglamento de desarrollo de la LOPD. Cumple tambi\u00e9n con el Reglamento (UE) 2016\/679 del Parlamento Europeo y del Consejo de 27 de abril de 2016 relativo a la protecci\u00f3n de las personas f\u00edsicas (RGPD).<\/p>\n<p style=\"text-align: justify;\">El uso de esta web implica la aceptaci\u00f3n de esta pol\u00edtica de privacidad.<\/p>\n<h2>Identidad del responsable<\/h2>\n<ul>\n<li><b>Titular:<\/b>\u00a0hermandadelperdonmadrid.es<\/li>\n<li><b>Domicilio:<\/b>\u00a0Melquiades Biencinto ,10 -28053 Madrid, Madrid &#8211; Espa\u00f1a.<\/li>\n<li><b>Correo electr\u00f3nico:<\/b>\u00a0secretaria@hermandadelperdonmadrid.es<\/li>\n<\/ul>\n<h2>Principios que aplicaremos a su informaci\u00f3n personal<\/h2>\n<p style=\"text-align: justify;\">En el tratamiento de sus datos personales, aplicaremos los siguientes principios que se ajustan a las exigencias del nuevo reglamento europeo de protecci\u00f3n de datos:<\/p>\n<ul>\n<li style=\"text-align: justify;\"><b>Principio de licitud, lealtad y transparencia:<\/b>\u00a0Siempre vamos a requerir su consentimiento para el tratamiento de sus datos personales para uno o varios fines espec\u00edficos que te informaremos previamente con absoluta transparencia.<\/li>\n<li style=\"text-align: justify;\"><b>Principio de minimizaci\u00f3n de datos:<\/b>\u00a0Solo vamos a solicitar datos estrictamente necesarios en relaci\u00f3n con los fines para los que los requerimos. Los m\u00ednimos posibles.<\/li>\n<li style=\"text-align: justify;\"><b>Principio de limitaci\u00f3n del plazo de conservaci\u00f3n:<\/b>\u00a0Los datos ser\u00e1n mantenidos durante no m\u00e1s tiempo del necesario para los fines del tratamiento, en funci\u00f3n a la finalidad, le informaremos del plazo de conservaci\u00f3n correspondiente, en el caso de suscripciones, peri\u00f3dicamente revisaremos nuestras listas y eliminaremos aquellos registros inactivos durante un tiempo considerable.<\/li>\n<li style=\"text-align: justify;\"><b>Principio de integridad y confidencialidad:<\/b>\u00a0Sus datos ser\u00e1n tratados de tal manera que se garantice una seguridad adecuada de los datos personales y se garantice confidencialidad. Debe saber que tomamos todas las precauciones necesarias para evitar el acceso no autorizado o uso indebido de los datos de nuestros usuarios por parte de terceros.<\/li>\n<\/ul>\n<h2>\u00bfC\u00f3mo hemos obtenido sus datos?<\/h2>\n<p>Para que pueda navegar por\u00a0<a href=\"https:\/\/hermandadelperdonmadrid.es\/\" rel=\"nofollow\">https:\/\/hermandadelperdonmadrid.es<\/a>, no es necesario que facilite ning\u00fan dato personal.<\/p>\n<p>Los casos en los que si nos da sus datos son los siguientes:<\/p>\n<ul>\n<li>Al contactar a trav\u00e9s de los formularios de contacto o enviarnos un correo electr\u00f3nico.<\/li>\n<li>Al inscribirse como hermano de la Hermandad del Perd\u00f3n de Madrid.<\/li>\n<\/ul>\n<h2>\u00bfCu\u00e1les son sus derechos cuando nos facilita sus datos?<\/h2>\n<p>Las personas interesadas tienen derecho a:<\/p>\n<ul>\n<li>Solicitar el acceso a los datos personales relativos al interesado.<\/li>\n<li>Solicitar su rectificaci\u00f3n o supresi\u00f3n.<\/li>\n<li>Solicitar la limitaci\u00f3n de su tratamiento.<\/li>\n<li>Oponerse al tratamiento.<\/li>\n<\/ul>\n<p>No se puede ejercitar el derecho a la portabilidad de los datos.<\/p>\n<p style=\"text-align: justify;\">El ejercicio de estos derechos es personal y debe por tanto ser ejercido directamente por el interesado, solicit\u00e1ndolo directamente a la la Junta de Gobierno de la Hermandad a trav\u00e9s del correo electr\u00f3nico secretaria@hermadandelperdonmadrid.es, lo que significa que cualquier cliente, suscriptor o colaborador que nos haya facilitado sus datos en alg\u00fan momento, puede dirigirse a\u00a0secretaria@hermandadelperdonmadrid.es y pedirnos informaci\u00f3n sobre los datos que tenemos almacenados y c\u00f3mo los hemos obtenido (derecho de acceso), puede solicitar la rectificaci\u00f3n de los mismos, oponerse al tratamiento, que limitemos su uso o en su caso la cancelaci\u00f3n de esos datos en nuestros ficheros.<\/p>\n<p style=\"text-align: justify;\">Puede enviar cualquier petici\u00f3n de este tipo y ejercitar los derechos de acceso, rectificaci\u00f3n, cancelaci\u00f3n y oposici\u00f3n a trav\u00e9s de correo electr\u00f3nico enviando un correo electr\u00f3nico a secretaria@hermandadelperdonmadrid.es junto con una prueba v\u00e1lida en derecho como una fotocopia del D.N.I. o equivalente.<\/p>\n<p style=\"text-align: justify;\">Los interesados tambi\u00e9n tendr\u00e1n derecho a la tutela judicial efectiva y a presentar una reclamaci\u00f3n ante la autoridad de control, en este caso, la Agencia Espa\u00f1ola de Protecci\u00f3n de Datos, si consideran que el tratamiento de datos personales que le conciernen infringe el Reglamento.<\/p>\n<h2>\u00bfCon qu\u00e9 finalidad tratamos sus datos personales?<\/h2>\n<p style=\"text-align: justify;\">Cuando un usuario se conecta a\u00a0<a href=\"https:\/\/hermandadelperdonmadrid.es\/\" rel=\"nofollow\">https:\/\/hermandadelperdonmadrid.es<\/a>\u00a0para mandar un correo al titular, suscribirse o realizar alguna contrataci\u00f3n, est\u00e1 facilitando informaci\u00f3n de car\u00e1cter personal de la que es responsable la Hermandad del Perd\u00f3n de Madrid. Esa informaci\u00f3n puede incluir datos de car\u00e1cter personal como pueden ser su direcci\u00f3n IP, nombre, direcci\u00f3n f\u00edsica, direcci\u00f3n de correo electr\u00f3nico, n\u00famero de tel\u00e9fono, y otra informaci\u00f3n. Al facilitar esta informaci\u00f3n, el usuario da su consentimiento para que su informaci\u00f3n sea recopilada, utilizada, gestionada y almacenada por la Hermandad del Perd\u00f3n de Madrid, s\u00f3lo como se describe en el <a href=\"https:\/\/hermandadelperdonmadrid.es\/index.php\/aviso-legal\/\">Aviso Legal<\/a> y en la presente\u00a0<a href=\"https:\/\/hermandadelperdonmadrid.es\/index.php\/politica-de-privacidad\/\" rel=\"nofollow\">Pol\u00edtica de Privacidad<\/a>.<\/p>\n<p style=\"text-align: justify;\">En\u00a0<a href=\"https:\/\/hermandadelperdonmadrid.es\/\" rel=\"nofollow\">http:\/\/futbolvicaria4.es<\/a>\u00a0existen diferentes sistemas de captura de informaci\u00f3n personal y tratamos la informaci\u00f3n que nos facilitan las personas interesadas con el siguiente fin por cada sistema de captura (formularios):<\/p>\n<ul style=\"text-align: justify;\">\n<li><b>Formularios de contacto:<\/b>\u00a0Solicitamos los siguientes datos personales: Nombre, Email, Tel\u00e9fono, web y en qu\u00e9 pueden ayudarte, para responder a los requerimientos de los usuarios de\u00a0<a href=\"https:\/\/hermandadelperdonmadrid.es\/\" rel=\"nofollow\">https:\/\/hermandadelperdonmadrid.es<\/a>.<br \/>\nPor ejemplo, podemos utilizar esos datos para responder a su solicitud y dar respuesta a las dudas, quejas, comentarios o inquietudes que pueda tener relativas a la informaci\u00f3n incluida en la web, los servicios que se prestan a trav\u00e9s de la web, el tratamiento de sus datos personales, cuestiones referentes a los textos legales incluidos en la web, as\u00ed como cualesquiera otras consultas que pueda tener y que no est\u00e9n sujetas a las condiciones de contrataci\u00f3n.<\/li>\n<\/ul>\n<p style=\"text-align: justify;\">Existen otras finalidades por la que tratamos sus datos personales:<\/p>\n<ul>\n<li style=\"text-align: justify;\">Para garantizar el cumplimiento de las condiciones de uso y la ley aplicable. Esto puede incluir el desarrollo de herramientas y algoritmos que ayudan a esta web a garantizar la confidencialidad de los datos personales que recoge.<\/li>\n<li style=\"text-align: justify;\">Para apoyar y mejorar los servicios que ofrece esta web.<\/li>\n<li style=\"text-align: justify;\">Tambi\u00e9n se recogen otros datos no identificativos que se obtienen mediante algunas cookies que se descargan en el ordenador del usuario cuando navega en esta web, y que detallamos en la pol\u00edtica de cookies.<\/li>\n<\/ul>\n<h2>C\u00f3mo protegemos sus datos<\/h2>\n<p style=\"text-align: justify;\">Sus datos podr\u00e1n ser incorporados a un fichero de lista de correo, del cual somos los responsables de su gesti\u00f3n y tratamiento. La seguridad de sus datos est\u00e1 garantizada, ya que tomamos todas las medidas de seguridad necesarias para ello. Solo usaremos dichos datos para la finalidad que nos los ha dado.<\/p>\n<p style=\"text-align: justify;\">Para proteger su informaci\u00f3n personal, tomamos precauciones razonables y seguimos las mejores pr\u00e1cticas de la industria para asegurarnos de que no haya p\u00e9rdida de manera inapropiada, mal uso, acceso, divulgaci\u00f3n, alteraci\u00f3n o destrucci\u00f3n de la misma.<\/p>\n<p style=\"text-align: justify;\">La Hermandad del Perd\u00f3n de Madrid informa a los usuarios de que sus datos personales no ser\u00e1n cedidos a terceras organizaciones, con la salvedad de que dicha cesi\u00f3n de datos este amparada en una obligaci\u00f3n legal o cuando la prestaci\u00f3n de un servicio implique la necesidad de una relaci\u00f3n contractual con un encargado de tratamiento. En este \u00faltimo caso, solo se llevar\u00e1 a cabo la cesi\u00f3n de datos al tercero cuando la Hermandad del Perd\u00f3n de Madrid disponga del consentimiento expreso del usuario.<\/p>\n<p style=\"text-align: justify;\">Sin embargo, en algunos casos se pueden realizar colaboraciones con otros profesionales, en esos casos, se requerir\u00e1 consentimiento a los usuarios informando sobre la identidad del colaborador y la finalidad de la colaboraci\u00f3n. Siempre se realizar\u00e1 con los m\u00e1s estrictos est\u00e1ndares de seguridad.<\/p>\n<h2>Contenido de otros sitios web<\/h2>\n<p style=\"text-align: justify;\">Los art\u00edculos de este sitio pueden incluir contenido incrustado (por ejemplo, v\u00eddeos, im\u00e1genes, art\u00edculos, etc.). El contenido incrustado de otras web se comporta exactamente de la misma manera que si el visitante hubiera visitado la otra web.<\/p>\n<p style=\"text-align: justify;\">Estas web pueden recopilar datos sobre usted, utilizar cookies, incrustar un seguimiento adicional de terceros, y supervisar su interacci\u00f3n con ese contenido incrustado, incluido el seguimiento de su interacci\u00f3n con el contenido incrustado si tiene una cuenta y est\u00e1 conectado a esa web.<\/p>\n<h2>Cookies<\/h2>\n<p style=\"text-align: justify;\">Le informo que para que el sitio funcione correctamente puede que necesite utilizar cookies, que es informaci\u00f3n que se almacena en su navegador para facilitar la navegaci\u00f3n.<\/p>\n<p style=\"text-align: justify;\">Puede consultar aqu\u00ed la <a href=\"https:\/\/hermandadelperdonmadrid.es\/index.php\/politica-de-cookies\/\">Pol\u00edtica de Cookies<\/a><\/p>\n<h2>Legitimaci\u00f3n para el tratamiento de sus datos<\/h2>\n<p>La base legal para el tratamiento de sus datos es: el consentimiento.<\/p>\n<p style=\"text-align: justify;\">Para contactar o realizar comentarios en esta web se requiere la aceptaci\u00f3n de esta pol\u00edtica de privacidad.<\/p>\n<h2>Categor\u00eda de datos<\/h2>\n<ul>\n<li>Las categor\u00edas de datos que se tratan son datos identificativos.<\/li>\n<li>No se tratan categor\u00edas de datos especialmente protegidos.<\/li>\n<\/ul>\n<h2>\u00bfPor cu\u00e1nto tiempo conservaremos sus datos?<\/h2>\n<p style=\"text-align: justify;\">Los datos personales proporcionados se conservar\u00e1n hasta que se solicite su supresi\u00f3n por el interesado.<\/p>\n<h2>Navegaci\u00f3n Web<\/h2>\n<p style=\"text-align: justify;\">Al navegar por\u00a0<a href=\"https:\/\/hermandadelperdonmadrid.es\/\" rel=\"nofollow\">https:\/\/hermandadelperdonmadrid.es<\/a>\u00a0se pueden recoger datos no identificables, que pueden incluir, direcciones IP, ubicaci\u00f3n geogr\u00e1fica (aproximadamente), un registro de c\u00f3mo se utilizan los servicios y sitios, y otros datos que no pueden ser utilizados para identificar al usuario. Entre los datos no identificativos est\u00e1n tambi\u00e9n los relacionados a tus h\u00e1bitos de navegaci\u00f3n a trav\u00e9s de servicios de terceros.<\/p>\n<p>Estas webs utilizan los siguientes servicios de an\u00e1lisis de terceros:<\/p>\n<p style=\"text-align: justify;\">Utilizamos esta informaci\u00f3n para analizar tendencias, administrar el sitio, rastrear los movimientos de los usuarios alrededor del sitio y para recopilar informaci\u00f3n demogr\u00e1fica sobre nuestra base de usuarios en su conjunto.<\/p>\n<h2>Exactitud y veracidad de los datos<\/h2>\n<p style=\"text-align: justify;\">Como usuario, es el \u00fanico responsable de la veracidad y correcci\u00f3n de los datos que remita a hermandadelperdonmadrid.es exonerando a hermandadelperdonmadrid.es, de cualquier responsabilidad al respecto.<\/p>\n<p style=\"text-align: justify;\">Los usuarios garantizan y responden, en cualquier caso, de la exactitud, vigencia y autenticidad de los datos personales facilitados, y se comprometen a mantenerlos debidamente actualizados. El usuario acepta proporcionar informaci\u00f3n completa y correcta en el formulario de contacto o suscripci\u00f3n.<\/p>\n<h2>Aceptaci\u00f3n y consentimiento<\/h2>\n<p style=\"text-align: justify;\">El usuario declara haber sido informado de las condiciones sobre protecci\u00f3n de datos de car\u00e1cter personal, aceptando y consintiendo el tratamiento de los mismos por parte de hermandadelperdonmadrid.es en la forma y para las finalidades indicadas en esta pol\u00edtica de privacidad.<\/p>\n<h2>Revocabilidad<\/h2>\n<p style=\"text-align: justify;\">En todo momento, los usuarios que quieran acceder a sus datos, rectificarlos o cancelarlos nos pueden mandar un email a secretaria@hermandadelperdonmadrid.es y les explicaremos como ejercer sus derechos de oposici\u00f3n, acceso e informaci\u00f3n, rectificaci\u00f3n, cancelaci\u00f3n de sus datos y revocaci\u00f3n de su autorizaci\u00f3n.<\/p>\n<p style=\"text-align: jsutify;\">Esto no incluye ning\u00fan dato que estemos obligados a conservar con fines administrativos, legales o de seguridad.<\/p>\n<h2>Cambios en la pol\u00edtica de privacidad<\/h2>\n<p style=\"text-align: justify;\">hermandadelperdonmadrid.es se reserva el derecho a modificar la presente pol\u00edtica para adaptarla a novedades legislativas o jurisprudenciales, as\u00ed como a pr\u00e1cticas de la industria. En dichos supuestos, hermandadelperdonmadrid.es anunciar\u00e1 en esta p\u00e1gina los cambios introducidos con razonable antelaci\u00f3n a su puesta en pr\u00e1ctica.<\/p>\n<p style=\"text-align: justify;\">Toda comunicaci\u00f3n con\u00a0<strong>hermandadelperdonmadrid.es<\/strong>\u00a0por cualquier medio o a trav\u00e9s de su direcci\u00f3n de correo electr\u00f3nico, o de los formularios presentes en este \u2018web site\u2019 o a su \u2018e-mail\u2019, supone el consentimiento expreso para que sus datos personales sean incorporados a ficheros titularidad de\u00a0<strong>hermandadelperdonmadrid.es<\/strong>, cuya direcci\u00f3n es C\/Melquiades Biencinto ,10 28053 Madrid<\/p>\n<p style=\"text-align: justify;\">Estos datos de car\u00e1cter personal ser\u00e1n tratados conforme a lo dispuesto en la Ley Org\u00e1nica 15\/1999, de 13 de diciembre, de Protecci\u00f3n de Datos de Car\u00e1cter Personal.<\/p>\n<p style=\"text-align: justify;\">Por tanto, el interesado podr\u00e1 ejercer derecho de acceso, rectificaci\u00f3n, cancelaci\u00f3n y oposici\u00f3n con respecto a los datos personales que consten en los expresados ficheros, pudiendo revocar su consentimiento por escrito en cualquier momento.<\/p>\n<p style=\"text-align: justify;\">Para ello lo podr\u00e1n hacer mediante comunicaci\u00f3n escrita dirigida a:<\/p>\n<p style=\"text-align: justify;\">Hermandad del Perd\u00f3n Madrid<br \/>\nC\/Melquiades Biencinto, 10<br \/>\nC.P. 28053 Madrid<br \/>\nsecretaria@hermandadelperdonmadrid.es<\/p>\n","protected":false},"excerpt":{"rendered":"<p>Pol\u00edtica de privacidad hermandadelperdonmadrid.es informa a los usuarios del sitio web sobre su pol\u00edtica respecto del tratamiento y protecci\u00f3n de los datos de car\u00e1cter personal de los usuarios y clientes que puedan ser recabados por la navegaci\u00f3n o contrataci\u00f3n de &hellip; <a href=\"https:\/\/hermandadelperdonmadrid.es\/index.php\/politica-de-privacidad\/\">Sigue leyendo <span class=\"meta-nav\">&rarr;<\/span><\/a><\/p>\n","protected":false},"author":1,"featured_media":0,"parent":0,"menu_order":0,"comment_status":"closed","ping_status":"closed","template":"","meta":{"footnotes":""},"class_list":["post-1025","page","type-page","status-publish","hentry"],"jetpack_sharing_enabled":true,"jetpack_shortlink":"https:\/\/wp.me\/P8GJlT-gx","_links":{"self":[{"href":"https:\/\/hermandadelperdonmadrid.es\/index.php\/wp-json\/wp\/v2\/pages\/1025","targetHints":{"allow":["GET"]}}],"collection":[{"href":"https:\/\/hermandadelperdonmadrid.es\/index.php\/wp-json\/wp\/v2\/pages"}],"about":[{"href":"https:\/\/hermandadelperdonmadrid.es\/index.php\/wp-json\/wp\/v2\/types\/page"}],"author":[{"embeddable":true,"href":"https:\/\/hermandadelperdonmadrid.es\/index.php\/wp-json\/wp\/v2\/users\/1"}],"replies":[{"embeddable":true,"href":"https:\/\/hermandadelperdonmadrid.es\/index.php\/wp-json\/wp\/v2\/comments?post=1025"}],"version-history":[{"count":1,"href":"https:\/\/hermandadelperdonmadrid.es\/index.php\/wp-json\/wp\/v2\/pages\/1025\/revisions"}],"predecessor-version":[{"id":1026,"href":"https:\/\/hermandadelperdonmadrid.es\/index.php\/wp-json\/wp\/v2\/pages\/1025\/revisions\/1026"}],"wp:attachment":[{"href":"https:\/\/hermandadelperdonmadrid.es\/index.php\/wp-json\/wp\/v2\/media?parent=1025"}],"curies":[{"name":"wp","href":"https:\/\/api.w.org\/{rel}","templated":true}]}}