{"id":1097,"date":"2019-03-27T13:58:52","date_gmt":"2019-03-27T12:58:52","guid":{"rendered":"http:\/\/hermandadelperdonmadrid.es\/?page_id=1097"},"modified":"2021-03-13T22:44:27","modified_gmt":"2021-03-13T21:44:27","slug":"boletines-de-la-hermandad","status":"publish","type":"page","link":"https:\/\/hermandadelperdonmadrid.es\/index.php\/boletines-de-la-hermandad\/","title":{"rendered":"Boletines de la Hermandad"},"content":{"rendered":"<p style=\"text-align: justify;\">Al comienzo de la vida de la Hermandad, cuando ya estaba arraiga en la parroquia y en el barrio, comenz\u00f3 la elaboraci\u00f3n de un bolet\u00edn informativo en el que se publicaban las noticias de actualidad de la Hermandad y diferentes art\u00edculos escritos por hermanos y por colaboradores invitados por la Junta de Gobierno, especialistas en temas cofrades o espirituales.<\/p>\n<p style=\"text-align: justify;\">Los primeros n\u00fameros fueron publicados en formato revista, elaborados en cuadernillos trimestralmente que se repart\u00edan en la parroquia a la salida de las misas y que se expon\u00edan en el revistero de la misma. M\u00e1s adelante, pasaron a emitirse digitalmente y enviarse a los hermanos por correo electr\u00f3nico o por v\u00edas telem\u00e1ticas distribuy\u00e9ndose m\u00e1s f\u00e1cilmente y llegando a un mayor n\u00famero de p\u00fablico. Finalmente, debido a la gran cantidad de trabajo, esfuerzo y tiempo que requer\u00eda su elaboraci\u00f3n se tuvo un receso en la emisi\u00f3n de los mismos.<\/p>\n<p style=\"text-align: justify;\">Actualmente, tras ser propuesta por uno de los Oficiales de Junta, la reanudaci\u00f3n de la edici\u00f3n de estos boletines, y la aprobaci\u00f3n del resto de miembros de la misma, se retomar\u00e1 la publicaci\u00f3n a trav\u00e9s de la p\u00e1gina web de un bolet\u00edn semestral en los meses de Marzo y Septiembre.<\/p>\n<table style=\"border-color: #f2efe1;\">\n<tbody>\n<tr>\n<td style=\"text-align: center;\">\n<p><div id=\"attachment_1131\" style=\"width: 143px\" class=\"wp-caption alignnone\"><a href=\"https:\/\/hermandadelperdonmadrid.es\/wp-content\/uploads\/2019\/03\/Bolet\u00f3n-1-Marzo-2019.pdf\"><img data-recalc-dims=\"1\" loading=\"lazy\" decoding=\"async\" aria-describedby=\"caption-attachment-1131\" class=\"wp-image-1131\" src=\"https:\/\/i0.wp.com\/hermandadelperdonmadrid.es\/wp-content\/uploads\/2019\/03\/Bolet%C3%ADn-1.jpg?resize=133%2C188&#038;ssl=1\" alt=\"\" width=\"133\" height=\"188\" srcset=\"https:\/\/i0.wp.com\/hermandadelperdonmadrid.es\/wp-content\/uploads\/2019\/03\/Bolet%C3%ADn-1.jpg?w=575&amp;ssl=1 575w, https:\/\/i0.wp.com\/hermandadelperdonmadrid.es\/wp-content\/uploads\/2019\/03\/Bolet%C3%ADn-1.jpg?resize=212%2C300&amp;ssl=1 212w\" sizes=\"auto, (max-width: 133px) 100vw, 133px\" \/><\/a><p id=\"caption-attachment-1131\" class=\"wp-caption-text\">Marzo 2019<\/p><\/div><\/td>\n<td style=\"text-align: center;\">\n<p><div id=\"attachment_1131\" style=\"width: 143px\" class=\"wp-caption alignnone\"><a href=\"https:\/\/hermandadelperdonmadrid.es\/wp-content\/uploads\/2019\/09\/Bolet\u00edn-2-Septiembre-2019.pdf\"><img data-recalc-dims=\"1\" loading=\"lazy\" decoding=\"async\" aria-describedby=\"caption-attachment-1131\" class=\"wp-image-1131\" src=\"https:\/\/i0.wp.com\/hermandadelperdonmadrid.es\/wp-content\/uploads\/2019\/09\/Bolet%C3%ADn-2.jpg?resize=133%2C188&#038;ssl=1\" alt=\"\" width=\"133\" height=\"188\" \/><\/a><p id=\"caption-attachment-1131\" class=\"wp-caption-text\">Septiembre 2019<\/p><\/div><\/td>\n<td style=\"text-align: center;\">\n<p><div id=\"attachment_1131\" style=\"width: 143px\" class=\"wp-caption alignnone\"><a href=\"https:\/\/hermandadelperdonmadrid.es\/wp-content\/uploads\/2020\/03\/Bolet\u00edn-03-Marzo-2020.pdf\"><img data-recalc-dims=\"1\" loading=\"lazy\" decoding=\"async\" aria-describedby=\"caption-attachment-1131\" class=\"wp-image-1131\" src=\"https:\/\/i0.wp.com\/hermandadelperdonmadrid.es\/wp-content\/uploads\/2020\/03\/Bolet%C3%ADn-3.jpg?resize=133%2C188&#038;ssl=1\" alt=\"\" width=\"133\" height=\"188\" \/><\/a><p id=\"caption-attachment-1131\" class=\"wp-caption-text\">Marzo 2020<\/p><\/div><\/td>\n<\/tr>\n<tr>\n<td style=\"text-align: center;\">\n<p><div id=\"attachment_1131\" style=\"width: 143px\" class=\"wp-caption alignnone\"><a href=\"https:\/\/hermandadelperdonmadrid.es\/wp-content\/uploads\/2021\/03\/Boletin-4-Marzo-2021.pdf\"><img data-recalc-dims=\"1\" loading=\"lazy\" decoding=\"async\" aria-describedby=\"caption-attachment-1131\" class=\"wp-image-1131\" src=\"https:\/\/i0.wp.com\/hermandadelperdonmadrid.es\/wp-content\/uploads\/2021\/03\/Boletin-4.jpg?resize=133%2C188&#038;ssl=1\" alt=\"\" width=\"133\" height=\"188\" \/><\/a><p id=\"caption-attachment-1131\" class=\"wp-caption-text\">Marzo 2021<\/p><\/div><\/td>\n<\/tr>\n<\/tbody>\n<\/table>\n<p><\/p>\n","protected":false},"excerpt":{"rendered":"<p>Al comienzo de la vida de la Hermandad, cuando ya estaba arraiga en la parroquia y en el barrio, comenz\u00f3 la elaboraci\u00f3n de un bolet\u00edn informativo en el que se publicaban las noticias de actualidad de la Hermandad y diferentes &hellip; <a href=\"https:\/\/hermandadelperdonmadrid.es\/index.php\/boletines-de-la-hermandad\/\">Sigue leyendo <span class=\"meta-nav\">&rarr;<\/span><\/a><\/p>\n","protected":false},"author":1,"featured_media":0,"parent":0,"menu_order":0,"comment_status":"closed","ping_status":"closed","template":"","meta":{"footnotes":""},"class_list":["post-1097","page","type-page","status-publish","hentry"],"jetpack_sharing_enabled":true,"jetpack_shortlink":"https:\/\/wp.me\/P8GJlT-hH","_links":{"self":[{"href":"https:\/\/hermandadelperdonmadrid.es\/index.php\/wp-json\/wp\/v2\/pages\/1097","targetHints":{"allow":["GET"]}}],"collection":[{"href":"https:\/\/hermandadelperdonmadrid.es\/index.php\/wp-json\/wp\/v2\/pages"}],"about":[{"href":"https:\/\/hermandadelperdonmadrid.es\/index.php\/wp-json\/wp\/v2\/types\/page"}],"author":[{"embeddable":true,"href":"https:\/\/hermandadelperdonmadrid.es\/index.php\/wp-json\/wp\/v2\/users\/1"}],"replies":[{"embeddable":true,"href":"https:\/\/hermandadelperdonmadrid.es\/index.php\/wp-json\/wp\/v2\/comments?post=1097"}],"version-history":[{"count":12,"href":"https:\/\/hermandadelperdonmadrid.es\/index.php\/wp-json\/wp\/v2\/pages\/1097\/revisions"}],"predecessor-version":[{"id":2137,"href":"https:\/\/hermandadelperdonmadrid.es\/index.php\/wp-json\/wp\/v2\/pages\/1097\/revisions\/2137"}],"wp:attachment":[{"href":"https:\/\/hermandadelperdonmadrid.es\/index.php\/wp-json\/wp\/v2\/media?parent=1097"}],"curies":[{"name":"wp","href":"https:\/\/api.w.org\/{rel}","templated":true}]}}