{"id":32,"date":"2017-05-02T15:52:15","date_gmt":"2017-05-02T15:52:15","guid":{"rendered":"http:\/\/hermandadelperdonmadrid.es\/?page_id=32"},"modified":"2021-01-04T22:20:27","modified_gmt":"2021-01-04T21:20:27","slug":"titulares","status":"publish","type":"page","link":"https:\/\/hermandadelperdonmadrid.es\/index.php\/titulares\/","title":{"rendered":"Titulares"},"content":{"rendered":"<p style=\"text-align: justify;\">Los Titulares de nuestra Hermandad son el <strong>Sant\u00edsimo Cristo del Perd\u00f3n y Mar\u00eda Sant\u00edsima de la Misericordia.<\/strong><\/p>\n<p style=\"text-align: justify;\">Ambas tallas son obra del escultor onubense David Valenciano Larios y fueron esculpidas en madera de cedro en su taller de la calle Viriato de Sevilla. Ambas fueron bendecidas el 16 de octubre de 2016 por Monse\u00f1or Juan Antonio Mart\u00ednez Camino, Obispo Auxiliar de Madrid, en nuestra Sede Can\u00f3nica, actuando como hermandades madrinas las de Los Gitanos, Cristo de los Alabarderos, Los Siete Dolores y La Borriquita, de Madrid, y La Macarena y La Esperanza de Triana, de Sevilla.<\/p>\n<p style=\"text-align: left;\"><img data-recalc-dims=\"1\" loading=\"lazy\" decoding=\"async\" class=\"wp-image-591 aligncenter\" src=\"https:\/\/i0.wp.com\/hermandadelperdonmadrid.es\/wp-content\/uploads\/2017\/05\/DSC_0690-1.jpg?resize=612%2C408&#038;ssl=1\" alt=\"\" width=\"612\" height=\"408\" srcset=\"https:\/\/i0.wp.com\/hermandadelperdonmadrid.es\/wp-content\/uploads\/2017\/05\/DSC_0690-1.jpg?w=3456&amp;ssl=1 3456w, https:\/\/i0.wp.com\/hermandadelperdonmadrid.es\/wp-content\/uploads\/2017\/05\/DSC_0690-1.jpg?resize=300%2C200&amp;ssl=1 300w, https:\/\/i0.wp.com\/hermandadelperdonmadrid.es\/wp-content\/uploads\/2017\/05\/DSC_0690-1.jpg?resize=768%2C512&amp;ssl=1 768w, https:\/\/i0.wp.com\/hermandadelperdonmadrid.es\/wp-content\/uploads\/2017\/05\/DSC_0690-1.jpg?resize=1024%2C683&amp;ssl=1 1024w, https:\/\/i0.wp.com\/hermandadelperdonmadrid.es\/wp-content\/uploads\/2017\/05\/DSC_0690-1.jpg?w=1280&amp;ssl=1 1280w, https:\/\/i0.wp.com\/hermandadelperdonmadrid.es\/wp-content\/uploads\/2017\/05\/DSC_0690-1.jpg?w=1920&amp;ssl=1 1920w\" sizes=\"auto, (max-width: 612px) 100vw, 612px\" \/><\/p>\n<hr \/>\n<p style=\"text-align: justify;\">La Imagen del <strong>Sant\u00edsimo Cristo del Perd\u00f3n<\/strong> representa a Jes\u00fas al poco de ser elevado sobre la Cruz, su trono, en el monte Calvario, en el momento de pronunciar la 1\u00ba de las siete palabras que pronuncia Jes\u00fas en la Cruz;<\/p>\n<p style=\"text-align: justify;\">\u201cPadre perd\u00f3nalos, porque no saben lo que hacen\u201d(Lc 23, 34).<br \/>\n<img data-recalc-dims=\"1\" loading=\"lazy\" decoding=\"async\" class=\"alignnone size-medium wp-image-1977\" src=\"https:\/\/i0.wp.com\/hermandadelperdonmadrid.es\/wp-content\/uploads\/2021\/01\/DSC_2737cc.jpg?resize=300%2C200&#038;ssl=1\" alt=\"\" width=\"300\" height=\"200\" srcset=\"https:\/\/i0.wp.com\/hermandadelperdonmadrid.es\/wp-content\/uploads\/2021\/01\/DSC_2737cc-scaled.jpg?resize=300%2C200&amp;ssl=1 300w, https:\/\/i0.wp.com\/hermandadelperdonmadrid.es\/wp-content\/uploads\/2021\/01\/DSC_2737cc-scaled.jpg?resize=1024%2C683&amp;ssl=1 1024w, https:\/\/i0.wp.com\/hermandadelperdonmadrid.es\/wp-content\/uploads\/2021\/01\/DSC_2737cc-scaled.jpg?resize=768%2C512&amp;ssl=1 768w, https:\/\/i0.wp.com\/hermandadelperdonmadrid.es\/wp-content\/uploads\/2021\/01\/DSC_2737cc-scaled.jpg?resize=1536%2C1024&amp;ssl=1 1536w, https:\/\/i0.wp.com\/hermandadelperdonmadrid.es\/wp-content\/uploads\/2021\/01\/DSC_2737cc-scaled.jpg?resize=2048%2C1365&amp;ssl=1 2048w, https:\/\/i0.wp.com\/hermandadelperdonmadrid.es\/wp-content\/uploads\/2021\/01\/DSC_2737cc-scaled.jpg?w=1280&amp;ssl=1 1280w, https:\/\/i0.wp.com\/hermandadelperdonmadrid.es\/wp-content\/uploads\/2021\/01\/DSC_2737cc-scaled.jpg?w=1920&amp;ssl=1 1920w\" sizes=\"auto, (max-width: 300px) 100vw, 300px\" \/> <img data-recalc-dims=\"1\" loading=\"lazy\" decoding=\"async\" class=\"size-medium wp-image-1978 alignright\" src=\"https:\/\/i0.wp.com\/hermandadelperdonmadrid.es\/wp-content\/uploads\/2021\/01\/WhatsApp-Image-2020-11-01-at-21.08.12-1.jpeg?resize=225%2C300&#038;ssl=1\" alt=\"\" width=\"225\" height=\"300\" srcset=\"https:\/\/i0.wp.com\/hermandadelperdonmadrid.es\/wp-content\/uploads\/2021\/01\/WhatsApp-Image-2020-11-01-at-21.08.12-1.jpeg?resize=225%2C300&amp;ssl=1 225w, https:\/\/i0.wp.com\/hermandadelperdonmadrid.es\/wp-content\/uploads\/2021\/01\/WhatsApp-Image-2020-11-01-at-21.08.12-1.jpeg?w=769&amp;ssl=1 769w\" sizes=\"auto, (max-width: 225px) 100vw, 225px\" \/><\/p>\n<hr \/>\n<p style=\"text-align: justify;\">Por su parte, la imagen de <strong>Mar\u00eda Sant\u00edsima de la Misericordia<\/strong> nos presenta a la Virgen al pie de la Cruz (Stabat Mater Dolorosa) que levantando la vista contempla el sufrimiento de su Hijo y se une a las palabras de misericordia del Se\u00f1or.<\/p>\n<p><img data-recalc-dims=\"1\" loading=\"lazy\" decoding=\"async\" class=\"wp-image-1972 alignleft\" src=\"https:\/\/i0.wp.com\/hermandadelperdonmadrid.es\/wp-content\/uploads\/2021\/01\/WhatsApp-Image-2020-11-01-at-21.09.06.jpeg?resize=190%2C253&#038;ssl=1\" alt=\"\" width=\"190\" height=\"253\" srcset=\"https:\/\/i0.wp.com\/hermandadelperdonmadrid.es\/wp-content\/uploads\/2021\/01\/WhatsApp-Image-2020-11-01-at-21.09.06.jpeg?resize=225%2C300&amp;ssl=1 225w, https:\/\/i0.wp.com\/hermandadelperdonmadrid.es\/wp-content\/uploads\/2021\/01\/WhatsApp-Image-2020-11-01-at-21.09.06.jpeg?resize=768%2C1024&amp;ssl=1 768w, https:\/\/i0.wp.com\/hermandadelperdonmadrid.es\/wp-content\/uploads\/2021\/01\/WhatsApp-Image-2020-11-01-at-21.09.06.jpeg?resize=1152%2C1536&amp;ssl=1 1152w, https:\/\/i0.wp.com\/hermandadelperdonmadrid.es\/wp-content\/uploads\/2021\/01\/WhatsApp-Image-2020-11-01-at-21.09.06.jpeg?w=1200&amp;ssl=1 1200w\" sizes=\"auto, (max-width: 190px) 100vw, 190px\" \/><img data-recalc-dims=\"1\" loading=\"lazy\" decoding=\"async\" class=\" wp-image-1979 alignright\" src=\"https:\/\/i0.wp.com\/hermandadelperdonmadrid.es\/wp-content\/uploads\/2021\/01\/DSCN2748.jpg?resize=190%2C254&#038;ssl=1\" alt=\"\" width=\"190\" height=\"254\" srcset=\"https:\/\/i0.wp.com\/hermandadelperdonmadrid.es\/wp-content\/uploads\/2021\/01\/DSCN2748-scaled.jpg?resize=225%2C300&amp;ssl=1 225w, https:\/\/i0.wp.com\/hermandadelperdonmadrid.es\/wp-content\/uploads\/2021\/01\/DSCN2748-scaled.jpg?resize=768%2C1024&amp;ssl=1 768w, https:\/\/i0.wp.com\/hermandadelperdonmadrid.es\/wp-content\/uploads\/2021\/01\/DSCN2748-scaled.jpg?resize=1152%2C1536&amp;ssl=1 1152w, https:\/\/i0.wp.com\/hermandadelperdonmadrid.es\/wp-content\/uploads\/2021\/01\/DSCN2748-scaled.jpg?resize=1536%2C2048&amp;ssl=1 1536w, https:\/\/i0.wp.com\/hermandadelperdonmadrid.es\/wp-content\/uploads\/2021\/01\/DSCN2748-scaled.jpg?w=1920&amp;ssl=1 1920w, https:\/\/i0.wp.com\/hermandadelperdonmadrid.es\/wp-content\/uploads\/2021\/01\/DSCN2748-scaled.jpg?w=1280&amp;ssl=1 1280w\" sizes=\"auto, (max-width: 190px) 100vw, 190px\" \/> <img data-recalc-dims=\"1\" loading=\"lazy\" decoding=\"async\" class=\"aligncenter wp-image-1980\" src=\"https:\/\/i0.wp.com\/hermandadelperdonmadrid.es\/wp-content\/uploads\/2021\/01\/b37165d9-0e1d-4a69-bdf2-199e6c2e32fd.jpg?resize=187%2C249&#038;ssl=1\" alt=\"\" width=\"187\" height=\"249\" srcset=\"https:\/\/i0.wp.com\/hermandadelperdonmadrid.es\/wp-content\/uploads\/2021\/01\/b37165d9-0e1d-4a69-bdf2-199e6c2e32fd.jpg?resize=225%2C300&amp;ssl=1 225w, https:\/\/i0.wp.com\/hermandadelperdonmadrid.es\/wp-content\/uploads\/2021\/01\/b37165d9-0e1d-4a69-bdf2-199e6c2e32fd.jpg?resize=768%2C1024&amp;ssl=1 768w, https:\/\/i0.wp.com\/hermandadelperdonmadrid.es\/wp-content\/uploads\/2021\/01\/b37165d9-0e1d-4a69-bdf2-199e6c2e32fd.jpg?resize=1152%2C1536&amp;ssl=1 1152w, https:\/\/i0.wp.com\/hermandadelperdonmadrid.es\/wp-content\/uploads\/2021\/01\/b37165d9-0e1d-4a69-bdf2-199e6c2e32fd.jpg?w=1200&amp;ssl=1 1200w\" sizes=\"auto, (max-width: 187px) 100vw, 187px\" \/><\/p>\n","protected":false},"excerpt":{"rendered":"<p>Los Titulares de nuestra Hermandad son el Sant\u00edsimo Cristo del Perd\u00f3n y Mar\u00eda Sant\u00edsima de la Misericordia. Ambas tallas son obra del escultor onubense David Valenciano Larios y fueron esculpidas en madera de cedro en su taller de la calle &hellip; <a href=\"https:\/\/hermandadelperdonmadrid.es\/index.php\/titulares\/\">Sigue leyendo <span class=\"meta-nav\">&rarr;<\/span><\/a><\/p>\n","protected":false},"author":1,"featured_media":0,"parent":0,"menu_order":0,"comment_status":"closed","ping_status":"closed","template":"","meta":{"footnotes":""},"class_list":["post-32","page","type-page","status-publish","hentry"],"jetpack_sharing_enabled":true,"jetpack_shortlink":"https:\/\/wp.me\/P8GJlT-w","_links":{"self":[{"href":"https:\/\/hermandadelperdonmadrid.es\/index.php\/wp-json\/wp\/v2\/pages\/32","targetHints":{"allow":["GET"]}}],"collection":[{"href":"https:\/\/hermandadelperdonmadrid.es\/index.php\/wp-json\/wp\/v2\/pages"}],"about":[{"href":"https:\/\/hermandadelperdonmadrid.es\/index.php\/wp-json\/wp\/v2\/types\/page"}],"author":[{"embeddable":true,"href":"https:\/\/hermandadelperdonmadrid.es\/index.php\/wp-json\/wp\/v2\/users\/1"}],"replies":[{"embeddable":true,"href":"https:\/\/hermandadelperdonmadrid.es\/index.php\/wp-json\/wp\/v2\/comments?post=32"}],"version-history":[{"count":32,"href":"https:\/\/hermandadelperdonmadrid.es\/index.php\/wp-json\/wp\/v2\/pages\/32\/revisions"}],"predecessor-version":[{"id":1981,"href":"https:\/\/hermandadelperdonmadrid.es\/index.php\/wp-json\/wp\/v2\/pages\/32\/revisions\/1981"}],"wp:attachment":[{"href":"https:\/\/hermandadelperdonmadrid.es\/index.php\/wp-json\/wp\/v2\/media?parent=32"}],"curies":[{"name":"wp","href":"https:\/\/api.w.org\/{rel}","templated":true}]}}