{"id":34,"date":"2017-05-02T15:52:15","date_gmt":"2017-05-02T15:52:15","guid":{"rendered":"http:\/\/hermandadelperdonmadrid.es\/?page_id=34"},"modified":"2025-01-10T21:31:37","modified_gmt":"2025-01-10T20:31:37","slug":"hermandad","status":"publish","type":"page","link":"https:\/\/hermandadelperdonmadrid.es\/index.php\/hermandad\/","title":{"rendered":"Hermandad"},"content":{"rendered":"<h2 style=\"text-align: left;\"><span style=\"font-family: 'Times New Roman', Times;\"><strong>Datos de la Hermandad<\/strong><\/span><\/h2>\n<p><span style=\"font-family: 'Times New Roman', Times;\"><strong>Denominaci\u00f3n<\/strong>: Hermandad y Cofrad\u00eda de Nazarenos del Sant\u00edsimo Cristo del Perd\u00f3n y Mar\u00eda Sant\u00edsima de la Misericordia<\/span><\/p>\n<p><span style=\"font-family: 'Times New Roman', Times;\"><strong>N\u00famero de hermanos<\/strong>: 100<\/span><\/p>\n<p><span style=\"font-family: 'Times New Roman', Times;\"><strong>Fundaci\u00f3n<\/strong>: 2010 (primeras Reglas aprobadas el 25 de enero de 2013)<\/span><\/p>\n<p><span style=\"font-family: 'Times New Roman', Times;\"><strong>Titulares<\/strong>: Sant\u00edsimo Cristo del Perd\u00f3n y Mar\u00eda Sant\u00edsima de la Misericordia, ambas tallas del escultor onubense David Valenciano Larios (2016).<\/span><\/p>\n<p><span style=\"font-family: 'Times New Roman', Times;\"><strong>Hermano Mayor<\/strong>: Julio Casanova Merinero<\/span><\/p>\n<p><span style=\"font-family: 'Times New Roman', Times;\"><strong>Capataz<\/strong>: Sergio G\u00f3mez Garc\u00eda.<\/span><\/p>\n<p><span style=\"font-family: 'Times New Roman', Times;\"><strong>Salida procesional<\/strong>: Viernes de Dolores<\/span><\/p>\n<p><span style=\"font-family: 'Times New Roman', Times;\"><strong>Acompa\u00f1amiento musical<\/strong>: Agrupaci\u00f3n Musical \u201cPasi\u00f3n y Muerte\u201d de Ajalvir<\/span><\/p>\n<h2 style=\"text-align: left;\"><span style=\"font-family: 'Times New Roman', Times;\"><strong>Cultos Anuales<\/strong><\/span><\/h2>\n<p style=\"text-align: justify;\"><span style=\"font-family: 'Times New Roman', Times;\"><strong>14 de septiembre<\/strong>: Fiesta de la Exaltaci\u00f3n de la Cruz. Besapi\u00e9 al Sant\u00edsimo Cristo del Perd\u00f3n.<\/span><\/p>\n<p style=\"text-align: justify;\"><span style=\"font-family: 'Times New Roman', Times;\"><strong>7 de diciembre<\/strong>: Eucarist\u00eda en honor a Mar\u00eda Sant\u00edsima de la Misericordia y renovaci\u00f3n del Voto Concepcionista de la Hermandad.<\/span><\/p>\n<p style=\"text-align: justify;\"><span style=\"font-family: 'Times New Roman', Times;\"><strong>25 de enero<\/strong>: Eucarist\u00eda de acci\u00f3n de gracias por la fundaci\u00f3n de la Hermandad en 2013.<\/span><\/p>\n<p style=\"text-align: justify;\"><span style=\"font-family: 'Times New Roman', Times;\"><strong>\u00daltimas Semanas de Cuaresma<\/strong>: Triduo en honor al Sant\u00edsimo Cristo del Perd\u00f3n y Funci\u00f3n Principal de Instituto.<\/span><\/p>\n<p style=\"text-align: justify;\"><span style=\"font-family: 'Times New Roman', Times;\"><strong>Viernes de Dolores<\/strong>: Estaci\u00f3n de Penitencia.<\/span><\/p>\n<p style=\"text-align: justify;\"><span style=\"font-family: 'Times New Roman', Times;\"><strong>Inmaculado Coraz\u00f3n de Mar\u00eda<\/strong>: Triduo en honor a Mar\u00eda Sant\u00edsima de la Misericordia, terminando con la Funci\u00f3n en su honor y Besamanos.<\/span><\/p>\n<h2 style=\"text-align: left;\"><span style=\"font-family: 'Times New Roman', Times;\"><strong>Secretar\u00eda<\/strong><\/span><\/h2>\n<p style=\"text-align: justify;\"><span style=\"font-family: 'Times New Roman', Times;\">La Secretar\u00eda es la secci\u00f3n fedataria de todos los actos de Gobierno de la Hermandad y como tal se encarga de realizar las actas de todos los Cabildos de Oficiales y Generales. Tambi\u00e9n se encarga de gestionar y actualizar el registro de hermanos as\u00ed como de de guardar, sellar y firmar todos los documentos y archivos que se reciban o expidan por parte de la Hermandad.<\/span><\/p>\n<p style=\"text-align: justify;\"><span style=\"font-family: 'Times New Roman', Times;\">Para solicitar el ingreso a la hermandad debe rellenar la ficha de registro que podr\u00e1 descargarse pinchando <a href=\"https:\/\/hermandadelperdonmadrid.es\/wp-content\/uploads\/2017\/05\/NUEVA-FICHA.xlsx\">aqu\u00ed<\/a> y enviarla al correo de secretaria mostrado m\u00e1s abajo.<\/span><\/p>\n<p style=\"text-align: justify;\"><span style=\"font-family: 'Times New Roman', Times;\">El actual Secretario es do\u00f1a Marta Garc\u00eda Qui\u00f1ones y para contactar debe escribir a la direcci\u00f3n de correo electr\u00f3nico: secretaria@hermandadelperdonmadrid.es<\/span><\/p>\n<h2 style=\"text-align: left;\"><span style=\"font-family: 'Times New Roman', Times;\"><strong>Mayordom\u00eda<\/strong><\/span><\/h2>\n<p style=\"text-align: justify;\"><span style=\"font-family: 'Times New Roman', Times;\">La Mayordom\u00eda es la secci\u00f3n encargada de llevar la administraci\u00f3n de la Hermandad, as\u00ed como los bienes y enseres de la misma. Entre las tareas que realiza se encuentran la elaboraci\u00f3n de los presupuestos de ingresos y gastos para cada curso econ\u00f3mico, la distribuci\u00f3n de recibos y de papeletas de sitio para la estaci\u00f3n de penitencia.<\/span><\/p>\n<p style=\"text-align: justify;\"><span style=\"font-family: 'Times New Roman', Times;\">Para realizar el pago de las cuotas u donaciones a la Hermandad el n\u00famero de cuenta de la misma es el siguiente: <strong>ES89 0049 5983 4225 1607 3023<\/strong>. Una vez realizada la transferencia recuerde enviar un mensaje al correo de mayordom\u00eda mostrado m\u00e1s abajo.<\/span><\/p>\n<p style=\"text-align: justify;\"><span style=\"font-family: 'Times New Roman', Times;\">El actual Mayordomo es do\u00f1a Adelia Hidalgo de Calcerrada Garc\u00eda y para contactar debe escribir a la direcci\u00f3n de correo electr\u00f3nico: mayordomia@hermandadelperdonmadrid.es<\/span><\/p>\n\n\n<p><\/p>\n","protected":false},"excerpt":{"rendered":"<p>Datos de la Hermandad Denominaci\u00f3n: Hermandad y Cofrad\u00eda de Nazarenos del Sant\u00edsimo Cristo del Perd\u00f3n y Mar\u00eda Sant\u00edsima de la Misericordia N\u00famero de hermanos: 100 Fundaci\u00f3n: 2010 (primeras Reglas aprobadas el 25 de enero de 2013) Titulares: Sant\u00edsimo Cristo del &hellip; <a href=\"https:\/\/hermandadelperdonmadrid.es\/index.php\/hermandad\/\">Sigue leyendo <span class=\"meta-nav\">&rarr;<\/span><\/a><\/p>\n","protected":false},"author":1,"featured_media":0,"parent":0,"menu_order":0,"comment_status":"closed","ping_status":"closed","template":"","meta":{"footnotes":""},"class_list":["post-34","page","type-page","status-publish","hentry"],"jetpack_sharing_enabled":true,"jetpack_shortlink":"https:\/\/wp.me\/P8GJlT-y","_links":{"self":[{"href":"https:\/\/hermandadelperdonmadrid.es\/index.php\/wp-json\/wp\/v2\/pages\/34","targetHints":{"allow":["GET"]}}],"collection":[{"href":"https:\/\/hermandadelperdonmadrid.es\/index.php\/wp-json\/wp\/v2\/pages"}],"about":[{"href":"https:\/\/hermandadelperdonmadrid.es\/index.php\/wp-json\/wp\/v2\/types\/page"}],"author":[{"embeddable":true,"href":"https:\/\/hermandadelperdonmadrid.es\/index.php\/wp-json\/wp\/v2\/users\/1"}],"replies":[{"embeddable":true,"href":"https:\/\/hermandadelperdonmadrid.es\/index.php\/wp-json\/wp\/v2\/comments?post=34"}],"version-history":[{"count":15,"href":"https:\/\/hermandadelperdonmadrid.es\/index.php\/wp-json\/wp\/v2\/pages\/34\/revisions"}],"predecessor-version":[{"id":3516,"href":"https:\/\/hermandadelperdonmadrid.es\/index.php\/wp-json\/wp\/v2\/pages\/34\/revisions\/3516"}],"wp:attachment":[{"href":"https:\/\/hermandadelperdonmadrid.es\/index.php\/wp-json\/wp\/v2\/media?parent=34"}],"curies":[{"name":"wp","href":"https:\/\/api.w.org\/{rel}","templated":true}]}}