{"id":36,"date":"2017-05-02T15:52:15","date_gmt":"2017-05-02T15:52:15","guid":{"rendered":"http:\/\/hermandadelperdonmadrid.es\/?page_id=36"},"modified":"2025-05-15T16:29:33","modified_gmt":"2025-05-15T15:29:33","slug":"junta-de-gobierno","status":"publish","type":"page","link":"https:\/\/hermandadelperdonmadrid.es\/index.php\/junta-de-gobierno\/","title":{"rendered":"Junta de Gobierno"},"content":{"rendered":"<p><span style=\"font-family: 'Times New Roman', Times;\"><a href=\"mailto:hermanomayor@hermandadelperdonmadrid.es\"><strong>Hermano Mayor<\/strong><\/a>\u00a0 \u00a0 \u00a0 \u00a0 \u00a0 \u00a0 \u00a0 \u00a0 \u00a0 \u00a0 \u00a0 \u00a0 \u00a0 \u00a0 \u00a0 \u00a0 \u00a0 \u00a0 \u00a0 \u00a0 \u00a0 \u00a0 \u00a0 \u00a0 \u00a0 \u00a0 Don Julio Casanova Merinero.<\/span><\/p>\n<p><span style=\"font-family: 'Times New Roman', Times;\"><a href=\"mailto:ttehermanomayor@hermandadelperdonmadrid.es\"><strong>Teniente de Hermano Mayor<\/strong><\/a>\u00a0 \u00a0 \u00a0 \u00a0 \u00a0 \u00a0 \u00a0 \u00a0 \u00a0 \u00a0 \u00a0 \u00a0 \u00a0 \u00a0 \u00a0 \u00a0Don Carlos Zamorano Villalpando. \u00a0 \u00a0 \u00a0\u00a0<\/span><\/p>\n<p><span style=\"font-family: 'Times New Roman', Times;\"><a href=\"mailto:secretaria@hermandadelperdonmadrid.es\"><strong>Secretario<\/strong><\/a>\u00a0 \u00a0 \u00a0 \u00a0 \u00a0 \u00a0 \u00a0 \u00a0 \u00a0 \u00a0 \u00a0 \u00a0 \u00a0 \u00a0 \u00a0 \u00a0 \u00a0 \u00a0 \u00a0 \u00a0 \u00a0 \u00a0 \u00a0 \u00a0 \u00a0 \u00a0 \u00a0 \u00a0 \u00a0 \u00a0 \u00a0 \u00a0Do\u00f1a Marta Garc\u00eda Qui\u00f1ones.<\/span><\/p>\n<p style=\"text-align: left;\"><span style=\"font-family: 'Times New Roman', Times;\"><a href=\"mailto:mayordomia@hermandadelperdonmadrid.es\"><b>Mayordomo<\/b><\/a>\u00a0 \u00a0 \u00a0 \u00a0 \u00a0 \u00a0 \u00a0 \u00a0 \u00a0 \u00a0 \u00a0 \u00a0 \u00a0 \u00a0 \u00a0 \u00a0 \u00a0 \u00a0 \u00a0 \u00a0 \u00a0 \u00a0 \u00a0 \u00a0 \u00a0 \u00a0 \u00a0 \u00a0 \u00a0 \u00a0Do\u00f1a Adelia Hidalgo de Calcerrada.<\/span><\/p>\n<p><span style=\"font-family: 'Times New Roman', Times;\"><a href=\"mailto:fiscalia@hermandadelperdonmadrid.es\"><strong>Fiscal<\/strong><\/a>\u00a0 \u00a0 \u00a0 \u00a0 \u00a0 \u00a0 \u00a0 \u00a0 \u00a0 \u00a0 \u00a0 \u00a0 \u00a0 \u00a0 \u00a0 \u00a0 \u00a0 \u00a0 \u00a0 \u00a0 \u00a0 \u00a0 \u00a0 \u00a0 \u00a0 \u00a0 \u00a0 \u00a0 \u00a0 \u00a0 \u00a0 \u00a0 \u00a0 \u00a0 \u00a0 Don Ferm\u00edn Vicente Grande G\u00f3mez.<\/span><\/p>\n<p><span style=\"font-family: 'Times New Roman', Times;\"><a href=\"mailto:consiliario@hermandadelperdonmadrid.es\"><strong>Consiliario<\/strong><\/a>\u00a0 \u00a0 \u00a0 \u00a0 \u00a0 \u00a0 \u00a0 \u00a0 \u00a0 \u00a0 \u00a0 \u00a0 \u00a0 \u00a0 \u00a0 \u00a0 \u00a0 \u00a0 \u00a0 \u00a0 \u00a0 \u00a0 \u00a0 \u00a0 \u00a0 \u00a0 \u00a0 \u00a0 \u00a0 \u00a0 \u00a0 Don Juan Jos\u00e9 \u00c1guila Hernanz.<\/span><\/p>\n<p><strong><a href=\"mailto:priostia@hermandadelperdonmadrid.es\">Prioste<\/a>\u00a0 \u00a0 \u00a0 \u00a0 \u00a0<\/strong>\u00a0 \u00a0 \u00a0 \u00a0 \u00a0 \u00a0 \u00a0 \u00a0 \u00a0 \u00a0 \u00a0 \u00a0 \u00a0 \u00a0 \u00a0 \u00a0 \u00a0 \u00a0 \u00a0 \u00a0 \u00a0 \u00a0 \u00a0 \u00a0 \u00a0 \u00a0 \u00a0 \u00a0 \u00a0 \u00a0<span style=\"font-family: 'Times New Roman', Times;\">Don Jes\u00fas Garc\u00eda Trecerio.<\/span><\/p>\n<p><span style=\"font-family: 'Times New Roman', Times;\"><a href=\"mailto:caridad@hermandadelperdonmadrid.es\"><strong>Diputado de Caridad<\/strong><\/a>\u00a0 \u00a0 \u00a0 \u00a0 \u00a0 \u00a0 \u00a0 \u00a0 \u00a0 \u00a0 \u00a0 \u00a0 \u00a0 \u00a0 \u00a0 \u00a0 \u00a0 \u00a0 \u00a0 \u00a0 \u00a0 \u00a0 Do\u00f1a Luc\u00eda Garc\u00eda L\u00f3pez.<\/span><\/p>\n<p><span style=\"font-family: 'Times New Roman', Times;\"><a href=\"mailto:cultos@hermandadelperdonmadrid.es\"><strong>Diputado de Cultos y Formaci\u00f3n<\/strong><\/a>\u00a0 \u00a0 \u00a0 \u00a0 \u00a0 \u00a0 \u00a0 \u00a0 \u00a0 \u00a0 \u00a0 \u00a0 \u00a0Don \u00d3scar Garc\u00eda Qui\u00f1ones.<\/span><\/p>\n<p><a href=\"mailto:juventud@hermandadelperdonmadrid.es\"><strong>Diputado de Juventud<\/strong><\/a>\u00a0 \u00a0 \u00a0 \u00a0 \u00a0 \u00a0 \u00a0 \u00a0 \u00a0 \u00a0 \u00a0 \u00a0 \u00a0 \u00a0 \u00a0 \u00a0 \u00a0 \u00a0 \u00a0 \u00a0 \u00a0 \u00a0 <span style=\"font-family: 'Times New Roman', Times;\">Don Javier Angulo Lav\u00edn.<\/span><\/p>\n\n\n<p><\/p>\n","protected":false},"excerpt":{"rendered":"<p>Hermano Mayor\u00a0 \u00a0 \u00a0 \u00a0 \u00a0 \u00a0 \u00a0 \u00a0 \u00a0 \u00a0 \u00a0 \u00a0 \u00a0 \u00a0 \u00a0 \u00a0 \u00a0 \u00a0 \u00a0 \u00a0 \u00a0 \u00a0 \u00a0 \u00a0 \u00a0 \u00a0 Don Julio Casanova Merinero. Teniente de Hermano Mayor\u00a0 \u00a0 \u00a0 \u00a0 \u00a0 \u00a0 &hellip; <a href=\"https:\/\/hermandadelperdonmadrid.es\/index.php\/junta-de-gobierno\/\">Sigue leyendo <span class=\"meta-nav\">&rarr;<\/span><\/a><\/p>\n","protected":false},"author":1,"featured_media":0,"parent":0,"menu_order":0,"comment_status":"closed","ping_status":"closed","template":"","meta":{"footnotes":""},"class_list":["post-36","page","type-page","status-publish","hentry"],"jetpack_sharing_enabled":true,"jetpack_shortlink":"https:\/\/wp.me\/P8GJlT-A","_links":{"self":[{"href":"https:\/\/hermandadelperdonmadrid.es\/index.php\/wp-json\/wp\/v2\/pages\/36","targetHints":{"allow":["GET"]}}],"collection":[{"href":"https:\/\/hermandadelperdonmadrid.es\/index.php\/wp-json\/wp\/v2\/pages"}],"about":[{"href":"https:\/\/hermandadelperdonmadrid.es\/index.php\/wp-json\/wp\/v2\/types\/page"}],"author":[{"embeddable":true,"href":"https:\/\/hermandadelperdonmadrid.es\/index.php\/wp-json\/wp\/v2\/users\/1"}],"replies":[{"embeddable":true,"href":"https:\/\/hermandadelperdonmadrid.es\/index.php\/wp-json\/wp\/v2\/comments?post=36"}],"version-history":[{"count":40,"href":"https:\/\/hermandadelperdonmadrid.es\/index.php\/wp-json\/wp\/v2\/pages\/36\/revisions"}],"predecessor-version":[{"id":3615,"href":"https:\/\/hermandadelperdonmadrid.es\/index.php\/wp-json\/wp\/v2\/pages\/36\/revisions\/3615"}],"wp:attachment":[{"href":"https:\/\/hermandadelperdonmadrid.es\/index.php\/wp-json\/wp\/v2\/media?parent=36"}],"curies":[{"name":"wp","href":"https:\/\/api.w.org\/{rel}","templated":true}]}}