{"id":37,"date":"2017-05-02T15:52:15","date_gmt":"2017-05-02T15:52:15","guid":{"rendered":"http:\/\/hermandadelperdonmadrid.es\/?page_id=37"},"modified":"2018-10-04T23:34:33","modified_gmt":"2018-10-04T22:34:33","slug":"director-espiritual","status":"publish","type":"page","link":"https:\/\/hermandadelperdonmadrid.es\/index.php\/director-espiritual\/","title":{"rendered":"Director Espiritual"},"content":{"rendered":"<p style=\"text-align: justify;\"><span style=\"font-family: 'Times New Roman', Times;\">Querido amigo:<\/span><\/p>\n<p style=\"text-align: justify;\"><span style=\"font-family: 'Times New Roman', Times;\">Recibe un saludo cordial. El culto al Cristo del Perd\u00f3n y a su Madre de Misericordia ha fecundado desde hace a\u00f1os, este barrio de Puente de Vallecas y mucha gente ha encontrado en la paz de estas im\u00e1genes que procesionan el Viernes de Dolores, un consuelo y una esperanza celestiales. Los devotos del Se\u00f1or queremos ofrecerte nuestra Hermandad para hacer crecer el amor cristiano en cada alma. Nuestra Hermandad naci\u00f3 en la parroquia san Ram\u00f3n Nonato con el empuje de la juventud de Vallecas y sigue animada por tantas buenas personas que con su fe, alegran la devoci\u00f3n de nuestro barrio y de Madrid. Dios te bendiga.<\/span><\/p>\n<p style=\"text-align: justify;\"><span style=\"font-family: 'Times New Roman', Times;\"><img data-recalc-dims=\"1\" loading=\"lazy\" decoding=\"async\" class=\"size-full wp-image-368 aligncenter\" src=\"https:\/\/i0.wp.com\/hermandadelperdonmadrid.es\/wp-content\/uploads\/2017\/05\/Director-Espiritual.jpg?resize=566%2C318&#038;ssl=1\" alt=\"\" width=\"566\" height=\"318\" srcset=\"https:\/\/i0.wp.com\/hermandadelperdonmadrid.es\/wp-content\/uploads\/2017\/05\/Director-Espiritual.jpg?w=566&amp;ssl=1 566w, https:\/\/i0.wp.com\/hermandadelperdonmadrid.es\/wp-content\/uploads\/2017\/05\/Director-Espiritual.jpg?resize=300%2C169&amp;ssl=1 300w\" sizes=\"auto, (max-width: 566px) 100vw, 566px\" \/><\/span><\/p>\n<p style=\"text-align: justify;\"><span style=\"font-family: 'Times New Roman', Times;\">Jose Manuel Horcajo Lucas.<\/span><\/p>\n<p style=\"text-align: justify;\"><span style=\"font-family: 'Times New Roman', Times;\">P\u00e1rroco de San Ram\u00f3n Nonato y Director Espiritual de la Hermandad.<\/span><\/p>\n","protected":false},"excerpt":{"rendered":"<p>Querido amigo: Recibe un saludo cordial. El culto al Cristo del Perd\u00f3n y a su Madre de Misericordia ha fecundado desde hace a\u00f1os, este barrio de Puente de Vallecas y mucha gente ha encontrado en la paz de estas im\u00e1genes &hellip; <a href=\"https:\/\/hermandadelperdonmadrid.es\/index.php\/director-espiritual\/\">Sigue leyendo <span class=\"meta-nav\">&rarr;<\/span><\/a><\/p>\n","protected":false},"author":1,"featured_media":0,"parent":0,"menu_order":0,"comment_status":"closed","ping_status":"closed","template":"","meta":{"footnotes":""},"class_list":["post-37","page","type-page","status-publish","hentry"],"jetpack_sharing_enabled":true,"jetpack_shortlink":"https:\/\/wp.me\/P8GJlT-B","_links":{"self":[{"href":"https:\/\/hermandadelperdonmadrid.es\/index.php\/wp-json\/wp\/v2\/pages\/37","targetHints":{"allow":["GET"]}}],"collection":[{"href":"https:\/\/hermandadelperdonmadrid.es\/index.php\/wp-json\/wp\/v2\/pages"}],"about":[{"href":"https:\/\/hermandadelperdonmadrid.es\/index.php\/wp-json\/wp\/v2\/types\/page"}],"author":[{"embeddable":true,"href":"https:\/\/hermandadelperdonmadrid.es\/index.php\/wp-json\/wp\/v2\/users\/1"}],"replies":[{"embeddable":true,"href":"https:\/\/hermandadelperdonmadrid.es\/index.php\/wp-json\/wp\/v2\/comments?post=37"}],"version-history":[{"count":7,"href":"https:\/\/hermandadelperdonmadrid.es\/index.php\/wp-json\/wp\/v2\/pages\/37\/revisions"}],"predecessor-version":[{"id":1039,"href":"https:\/\/hermandadelperdonmadrid.es\/index.php\/wp-json\/wp\/v2\/pages\/37\/revisions\/1039"}],"wp:attachment":[{"href":"https:\/\/hermandadelperdonmadrid.es\/index.php\/wp-json\/wp\/v2\/media?parent=37"}],"curies":[{"name":"wp","href":"https:\/\/api.w.org\/{rel}","templated":true}]}}